{"id":1520,"date":"2026-02-07T09:19:30","date_gmt":"2026-02-07T08:19:30","guid":{"rendered":"https:\/\/multi-blog.com\/condiciones-generales\/"},"modified":"2024-04-23T14:11:46","modified_gmt":"2024-04-23T13:11:46","slug":"condiciones-generales","status":"publish","type":"page","link":"https:\/\/multi-blog.com\/es\/condiciones-generales\/","title":{"rendered":"Condiciones generales"},"content":{"rendered":"\r\n<p><strong>CONDICIONES GENERALES SITIO WEB<\/strong><\/p>\r\n\r\n\r\n\r\n<p><em>\u00daltima actualizaci\u00f3n<\/em>: 23\/11\/2023<\/p>\r\n\r\n\r\n\r\n<p><strong>1. Aplicabilidad<\/strong><\/p>\r\n\r\n\r\n\r\n<p>1.1 Las presentes condiciones se aplican al uso del sitio web Multi-Blog, en lo sucesivo denominado el \u00abSitio web\u00bb.<\/p>\r\n\r\n\r\n\r\n<p><strong>2. Acceso al sitio web<\/strong><\/p>\r\n\r\n\r\n\r\n<p>2.1 El acceso y uso del Sitio Web est\u00e1n sujetos a las presentes condiciones, as\u00ed como a todas las leyes y reglamentos aplicables.<\/p>\r\n\r\n\r\n\r\n<p>2.2 El titular del Sitio Web se reserva el derecho a modificar, suspender o cancelar el acceso al Sitio Web en cualquier momento y sin previo aviso.<\/p>\r\n\r\n\r\n\r\n<p><strong>3. 3. Propiedad intelectual<\/strong><\/p>\r\n\r\n\r\n\r\n<p>3.1 Todo el contenido del Sitio Web, incluidos, entre otros, textos, im\u00e1genes, logotipos y software, es propiedad del titular del Sitio Web y est\u00e1 protegido por derechos de propiedad intelectual.<\/p>\r\n\r\n\r\n\r\n<p>3.2 Queda prohibido copiar, reproducir, distribuir o utilizar de cualquier modo el contenido del Sitio Web sin el consentimiento previo por escrito del propietario.<\/p>\r\n\r\n\r\n\r\n<p><strong>4. Comportamiento de los usuarios<\/strong><\/p>\r\n\r\n\r\n\r\n<p>4.1 Los usuarios del Sitio Web se comprometen a no utilizar el Sitio Web con fines ilegales o perjudiciales y a respetar todas las leyes y reglamentos aplicables.<\/p>\r\n\r\n\r\n\r\n<p>4.2 Est\u00e1 prohibido utilizar el Sitio Web para difundir comunicaciones comerciales no solicitadas (spam).<\/p>\r\n\r\n\r\n\r\n<p><strong>5. 5. Pol\u00edtica de privacidad<\/strong><\/p>\r\n\r\n\r\n\r\n<p>5.1 La pol\u00edtica de privacidad del Sitio web est\u00e1 disponible en [link naar privacybeleid]. Al utilizar el sitio web, el usuario acepta la pol\u00edtica de privacidad.<\/p>\r\n\r\n\r\n\r\n<p><strong>6. Responsabilidad<\/strong><\/p>\r\n\r\n\r\n\r\n<p>6.1 El propietario del Sitio Web no ser\u00e1 responsable de ning\u00fan da\u00f1o directo o indirecto derivado del uso del Sitio Web.<\/p>\r\n\r\n\r\n\r\n<p>6.2 El Sitio Web puede contener enlaces a sitios web externos. El propietario del Sitio Web no es responsable del contenido ni de las pol\u00edticas de privacidad de estos sitios externos.<\/p>\r\n\r\n\r\n\r\n<p><strong>7. Modificaciones de las Condiciones Generales<\/strong><\/p>\r\n\r\n\r\n\r\n<p>7.1 El propietario del sitio web se reserva el derecho a modificar estas condiciones en cualquier momento. Se recomienda a los usuarios que consulten peri\u00f3dicamente las condiciones generales para comprobar si se han producido cambios.<\/p>\r\n\r\n\r\n\r\n<p>Al utilizar el sitio web, el usuario acepta las presentes condiciones.<\/p>\r\n","protected":false},"excerpt":{"rendered":"<p>CONDICIONES GENERALES SITIO WEB \u00daltima actualizaci\u00f3n: 23\/11\/2023 1. Aplicabilidad 1.1 Las presentes condiciones se aplican al uso del sitio web Multi-Blog, en lo sucesivo denominado el \u00abSitio web\u00bb. 2. Acceso al sitio web 2.1 El acceso y uso del Sitio Web est\u00e1n sujetos a las presentes condiciones, as\u00ed como a todas las leyes y reglamentos [&hellip;]<\/p>\n","protected":false},"author":1,"featured_media":0,"parent":0,"menu_order":0,"comment_status":"closed","ping_status":"closed","template":"","meta":{"footnotes":""},"class_list":["post-1520","page","type-page","status-publish"],"_links":{"self":[{"href":"https:\/\/multi-blog.com\/es\/wp-json\/wp\/v2\/pages\/1520","targetHints":{"allow":["GET"]}}],"collection":[{"href":"https:\/\/multi-blog.com\/es\/wp-json\/wp\/v2\/pages"}],"about":[{"href":"https:\/\/multi-blog.com\/es\/wp-json\/wp\/v2\/types\/page"}],"author":[{"embeddable":true,"href":"https:\/\/multi-blog.com\/es\/wp-json\/wp\/v2\/users\/1"}],"replies":[{"embeddable":true,"href":"https:\/\/multi-blog.com\/es\/wp-json\/wp\/v2\/comments?post=1520"}],"version-history":[{"count":2,"href":"https:\/\/multi-blog.com\/es\/wp-json\/wp\/v2\/pages\/1520\/revisions"}],"predecessor-version":[{"id":10039,"href":"https:\/\/multi-blog.com\/es\/wp-json\/wp\/v2\/pages\/1520\/revisions\/10039"}],"wp:attachment":[{"href":"https:\/\/multi-blog.com\/es\/wp-json\/wp\/v2\/media?parent=1520"}],"curies":[{"name":"wp","href":"https:\/\/api.w.org\/{rel}","templated":true}]}}